{"id":10,"date":"2020-12-26T17:38:32","date_gmt":"2020-12-26T16:38:32","guid":{"rendered":"http:\/\/wildrubin.de\/colibri-wp"},"modified":"2021-09-11T20:32:08","modified_gmt":"2021-09-11T19:32:08","slug":"wildrubin","status":"publish","type":"page","link":"https:\/\/wildrubin.de\/?page_id=10","title":{"rendered":"Wildrubin alias Ferdinand (vom Wildenstein)"},"content":{"rendered":"\n<p>23. April 2020 &#8211; mein Pferd kommt irgendwo mitten im Schwarzwald auf die Welt. Zuerst ohne Namen, aber mit einem &#8211; nach Bekunden von verst\u00e4ndigen Personen &#8211; wohl bemerkenswerten Stammbaum. Und in einer bildh\u00fcbschen, dunklen, rot-braunen Farbe mit beiger M\u00e4hne. Ein echt sch\u00f6ner Dunkelfuchs mit unglaublich weichem Fell. Nur das Bein hinten rechts hat ein wei\u00dfes S\u00f6ckchen und der Kopf hat eine gro\u00dfe, gleichm\u00e4\u00dfige Bl\u00e4sse. Er blinzelt mit gro\u00dfen und treuen Augen in die Welt und hat das Herz am rechten Fleck. Wir nennen ihn zuerst Ferdinand (vom Wildenstein), in Anlehnung an seinen Vater.<\/p>\n\n\n\n<p>Sein Vater ist Wildenstein, seine Mutter Bella. Opa und Oma auf v\u00e4terlicher Seite sind Wildsch\u00fctz und Aischa, noch weiter hinten tauchen Namen auf wie Wildh\u00fcter und Pamela sowie Feldsee und Asta. Opa und Oma auf m\u00fctterlicher Seite sind Respekt und Belinda, hier tauchen weiter hinten noch Retter und Maxi sowie Feldsee und Betti auf.<\/p>\n\n\n\n<p>Wir haben ihn als etwa 6-monatiges Fohlen auf einer gro\u00dfen Pferde-Verkaufsplattform entdeckt, eigentlich eher zuf\u00e4llig. Meine Frau hatte von meiner Vorliebe f\u00fcr die Schwarzw\u00e4lder auf einem Pferdetrail erfahren, als ich mich staunend \u00fcber einen wirklich pr\u00e4chtigen Schwarzw\u00e4lder ge\u00e4u\u00dfert haben muss\u2026<\/p>\n\n\n\n<div class=\"wp-block-image\"><figure class=\"aligncenter size-large\"><img loading=\"lazy\" decoding=\"async\" width=\"1024\" height=\"768\" src=\"http:\/\/wildrubin.de\/wp-content\/uploads\/2020\/12\/20201115_110844-1024x768.jpg\" alt=\"Eines der ersten Bilder meines Pferdes\" class=\"wp-image-237\" srcset=\"https:\/\/wildrubin.de\/wp-content\/uploads\/2020\/12\/20201115_110844-1024x768.jpg 1024w, https:\/\/wildrubin.de\/wp-content\/uploads\/2020\/12\/20201115_110844-300x225.jpg 300w, https:\/\/wildrubin.de\/wp-content\/uploads\/2020\/12\/20201115_110844-768x576.jpg 768w, https:\/\/wildrubin.de\/wp-content\/uploads\/2020\/12\/20201115_110844-1536x1152.jpg 1536w, https:\/\/wildrubin.de\/wp-content\/uploads\/2020\/12\/20201115_110844-2048x1536.jpg 2048w\" sizes=\"auto, (max-width: 1024px) 100vw, 1024px\" \/><figcaption>Ferdinand auf der Weide im Schwarzwald, eines der ersten Bilder, die ich habe<\/figcaption><\/figure><\/div>\n\n\n\n<p>Wie es dann weiterging, k\u00f6nnt ihr im <a rel=\"noreferrer noopener\" href=\"http:\/\/wildrubin.de\/blog\" data-type=\"page\" data-id=\"11\" target=\"_blank\">Pferdetagebuch<\/a> lesen. Ich berichte dort immer wieder von den kleinen und gro\u00dfen Schritten mit diesem tollen Pferd.<\/p>\n\n\n\n<p>Warum ich meinen Schwarzw\u00e4lder ein tolles Pferd nenne? Naja, daf\u00fcr gibt&#8217;s einige Gr\u00fcnde. Er hat ein sehr sanftes, zugewandtes und aufgeschlossenes Gem\u00fct. Er ist eine echt verschmuste Schnauze. Er kommt her, wenn man ihn ruft (ok, nicht immer). Er hat (bisher) vor fast nichts Angst. Er ist neugierig und hat Spa\u00df am Spielen. Er folgt beim Spazierengehen, auch wenn wir mal im leichten Trab nebeneinander herlaufen. Er zieht nicht und dr\u00fcckt nicht und selbst beim Traben bleibt er immer bei mir und mit mir stehen. Er gibt sich freundlich, aber auch aufmerksam anderen Pferden gegen\u00fcber, aber (bisher) nie aufdringlich oder aggressiv. Er l\u00e4sst sich \u00fcberall anfassen. Er lernt schnell (Hufe geben war so ein Ding). Er geht freiwillig in unseren Pferdeh\u00e4nger. Er folgt im Wald auch durch&#8217;s Unterholz. Er h\u00e4lt beim Tierarzt und beim Hufschmied still. Ich brauche bei ihm keine Leckerlies. Und die Liste kann weitergehen&#8230;<\/p>\n\n\n\n<p>Gut, ein paar Dinge sind noch ausbauf\u00e4hig, zum Beispiel die ungebremste Freude am Fressen und die List, mit der es der Schlingel immer wieder schafft, an Futter ranzukommen. Und wenn er frisst wird er &#8211; nun ja &#8211; gem\u00fctlich und ist kaum noch zu bewegen. Er sollte sich (und wird es sich wahrscheinlich auch) abgew\u00f6hnen, alles anknabbern zu wollen. Und die Trittsicherheit ist in manchen Situationen auch noch nicht so toll &#8211; aber er ist nun mal noch ein Fohlen.<\/p>\n\n\n\n<p>Ich werde meinen Kleinen wohl auch zuk\u00fcnftig noch Ferdinand nennen, obwohl Wildrubin der offizielle Hengstname ist. Das ist die Macht der Gewohnheit, schlie\u00dflich ist er erst seit Weihnachten 2020 ein eingetragener Hengst&#8230;<\/p>\n\n\n\n<p>Wohin die Reise geht, ist noch offen. In erster Linie soll&#8217;s ein sorgenfreies Leben werden, alles andere zeigt sich dann.<\/p>\n\n\n\n<p>Reiten ist ein erkl\u00e4rtes Ziel, das sich sicherlich erreichen l\u00e4sst. Und vielleicht lernen wir ein oder zwei Kunstst\u00fcckchen. Fahren und\/oder Ziehen hingegen kann ich jetzt noch nicht sagen. Springen f\u00e4llt eigentlich sicher raus, m\u00f6chte ich selber nicht. <\/p>\n\n\n\n<p>Z\u00fcchten? Nun ja, entscheiden wir noch, denn jeder, der einen Hengst hat kennt die Schwierigkeiten, die das mit sich bringt. Und der Umgang kann&#8217;s auch in sich haben. Wenn er ganz nach seinem Vater kommt, dann wird Ferdinand vermutlich ein unproblematischer Hengst werden, denn sein Vater ist ein sehr freundliches und umg\u00e4ngliches Tier. Warten wir einfach ab, wie er sich entwickelt.<\/p>\n\n\n\n<p>Also gut, los geht&#8217;s<\/p>\n<div class=\"shariff shariff-align-left shariff-widget-align-left\" style=\"display:none\" data-services=\"tumblr\" data-url=\"https:\/\/wildrubin.de\/?page_id=10\" data-timestamp=\"1631392328\" data-hidezero=\"1\" data-backendurl=\"?rest_route=\/shariff\/v1\/share_counts&\"><div class=\"ShariffHeadline\">Dieser Beitrag wurde bisher nicht geteilt.<\/div><ul class=\"shariff-buttons theme-round orientation-horizontal buttonsize-small\"><li class=\"shariff-button twitter shariff-nocustomcolor\" style=\"background-color:#595959\"><a href=\"https:\/\/twitter.com\/share?url=https%3A%2F%2Fwildrubin.de%2F%3Fpage_id%3D10&text=Wildrubin%20alias%20Ferdinand%20%28vom%20Wildenstein%29\" title=\"Bei X teilen\" aria-label=\"Bei X teilen\" role=\"button\" rel=\"noopener nofollow\" class=\"shariff-link\" style=\"; background-color:#000; color:#fff\" target=\"_blank\"><span class=\"shariff-icon\" style=\"\"><svg width=\"32px\" height=\"20px\" xmlns=\"http:\/\/www.w3.org\/2000\/svg\" viewBox=\"0 0 24 24\"><path fill=\"#000\" d=\"M14.258 10.152L23.176 0h-2.113l-7.747 8.813L7.133 0H0l9.352 13.328L0 23.973h2.113l8.176-9.309 6.531 9.309h7.133zm-2.895 3.293l-.949-1.328L2.875 1.56h3.246l6.086 8.523.945 1.328 7.91 11.078h-3.246zm0 0\"\/><\/svg><\/span><\/a><\/li><li class=\"shariff-button facebook shariff-nocustomcolor\" style=\"background-color:#4273c8\"><a href=\"https:\/\/www.facebook.com\/sharer\/sharer.php?u=https%3A%2F%2Fwildrubin.de%2F%3Fpage_id%3D10\" title=\"Bei Facebook teilen\" aria-label=\"Bei Facebook teilen\" role=\"button\" rel=\"nofollow\" class=\"shariff-link\" style=\"; background-color:#3b5998; color:#fff\" target=\"_blank\"><span class=\"shariff-icon\" style=\"\"><svg width=\"32px\" height=\"20px\" xmlns=\"http:\/\/www.w3.org\/2000\/svg\" viewBox=\"0 0 18 32\"><path fill=\"#3b5998\" d=\"M17.1 0.2v4.7h-2.8q-1.5 0-2.1 0.6t-0.5 1.9v3.4h5.2l-0.7 5.3h-4.5v13.6h-5.5v-13.6h-4.5v-5.3h4.5v-3.9q0-3.3 1.9-5.2t5-1.8q2.6 0 4.1 0.2z\"\/><\/svg><\/span><\/a><\/li><li class=\"shariff-button whatsapp shariff-nocustomcolor\" style=\"background-color:#5cbe4a\"><a href=\"https:\/\/api.whatsapp.com\/send?text=https%3A%2F%2Fwildrubin.de%2F%3Fpage_id%3D10%20Wildrubin%20alias%20Ferdinand%20%28vom%20Wildenstein%29\" title=\"Bei Whatsapp teilen\" aria-label=\"Bei Whatsapp teilen\" role=\"button\" rel=\"noopener nofollow\" class=\"shariff-link\" style=\"; background-color:#34af23; color:#fff\" target=\"_blank\"><span class=\"shariff-icon\" style=\"\"><svg width=\"32px\" height=\"20px\" xmlns=\"http:\/\/www.w3.org\/2000\/svg\" viewBox=\"0 0 32 32\"><path fill=\"#34af23\" d=\"M17.6 17.4q0.2 0 1.7 0.8t1.6 0.9q0 0.1 0 0.3 0 0.6-0.3 1.4-0.3 0.7-1.3 1.2t-1.8 0.5q-1 0-3.4-1.1-1.7-0.8-3-2.1t-2.6-3.3q-1.3-1.9-1.3-3.5v-0.1q0.1-1.6 1.3-2.8 0.4-0.4 0.9-0.4 0.1 0 0.3 0t0.3 0q0.3 0 0.5 0.1t0.3 0.5q0.1 0.4 0.6 1.6t0.4 1.3q0 0.4-0.6 1t-0.6 0.8q0 0.1 0.1 0.3 0.6 1.3 1.8 2.4 1 0.9 2.7 1.8 0.2 0.1 0.4 0.1 0.3 0 1-0.9t0.9-0.9zM14 26.9q2.3 0 4.3-0.9t3.6-2.4 2.4-3.6 0.9-4.3-0.9-4.3-2.4-3.6-3.6-2.4-4.3-0.9-4.3 0.9-3.6 2.4-2.4 3.6-0.9 4.3q0 3.6 2.1 6.6l-1.4 4.2 4.3-1.4q2.8 1.9 6.2 1.9zM14 2.2q2.7 0 5.2 1.1t4.3 2.9 2.9 4.3 1.1 5.2-1.1 5.2-2.9 4.3-4.3 2.9-5.2 1.1q-3.5 0-6.5-1.7l-7.4 2.4 2.4-7.2q-1.9-3.2-1.9-6.9 0-2.7 1.1-5.2t2.9-4.3 4.3-2.9 5.2-1.1z\"\/><\/svg><\/span><\/a><\/li><li class=\"shariff-button linkedin shariff-nocustomcolor\" style=\"background-color:#1488bf\"><a href=\"https:\/\/www.linkedin.com\/sharing\/share-offsite\/?url=https%3A%2F%2Fwildrubin.de%2F%3Fpage_id%3D10\" title=\"Bei LinkedIn teilen\" aria-label=\"Bei LinkedIn teilen\" role=\"button\" rel=\"noopener nofollow\" class=\"shariff-link\" style=\"; background-color:#0077b5; color:#fff\" target=\"_blank\"><span class=\"shariff-icon\" style=\"\"><svg width=\"32px\" height=\"20px\" xmlns=\"http:\/\/www.w3.org\/2000\/svg\" viewBox=\"0 0 27 32\"><path fill=\"#0077b5\" d=\"M6.2 11.2v17.7h-5.9v-17.7h5.9zM6.6 5.7q0 1.3-0.9 2.2t-2.4 0.9h0q-1.5 0-2.4-0.9t-0.9-2.2 0.9-2.2 2.4-0.9 2.4 0.9 0.9 2.2zM27.4 18.7v10.1h-5.9v-9.5q0-1.9-0.7-2.9t-2.3-1.1q-1.1 0-1.9 0.6t-1.2 1.5q-0.2 0.5-0.2 1.4v9.9h-5.9q0-7.1 0-11.6t0-5.3l0-0.9h5.9v2.6h0q0.4-0.6 0.7-1t1-0.9 1.6-0.8 2-0.3q3 0 4.9 2t1.9 6z\"\/><\/svg><\/span><\/a><\/li><li class=\"shariff-button telegram shariff-nocustomcolor\" style=\"background-color:#4084A6\"><a href=\"https:\/\/telegram.me\/share\/url?url=https%3A%2F%2Fwildrubin.de%2F%3Fpage_id%3D10&text=Wildrubin%20alias%20Ferdinand%20%28vom%20Wildenstein%29\" title=\"Bei Telegram teilen\" aria-label=\"Bei Telegram teilen\" role=\"button\" rel=\"noopener nofollow\" class=\"shariff-link\" style=\"; background-color:#0088cc; color:#fff\" target=\"_blank\"><span class=\"shariff-icon\" style=\"\"><svg width=\"32px\" height=\"20px\" xmlns=\"http:\/\/www.w3.org\/2000\/svg\" viewBox=\"0 0 32 32\"><path fill=\"#0088cc\" d=\"M30.8 6.5l-4.5 21.4c-.3 1.5-1.2 1.9-2.5 1.2L16.9 24l-3.3 3.2c-.4.4-.7.7-1.4.7l.5-7L25.5 9.2c.6-.5-.1-.8-.9-.3l-15.8 10L2 16.7c-1.5-.5-1.5-1.5.3-2.2L28.9 4.3c1.3-.5 2.3.3 1.9 2.2z\"\/><\/svg><\/span><\/a><\/li><li class=\"shariff-button threema shariff-nocustomcolor shariff-mobile\" style=\"background-color:#4fbc24\"><a href=\"threema:\/\/compose?text=Wildrubin%20alias%20Ferdinand%20%28vom%20Wildenstein%29%20https%3A%2F%2Fwildrubin.de%2F%3Fpage_id%3D10\" title=\"Bei Threema teilen\" aria-label=\"Bei Threema teilen\" role=\"button\" rel=\"noopener nofollow\" class=\"shariff-link\" style=\"; background-color:#1f1f1f; color:#fff\" target=\"_blank\"><span class=\"shariff-icon\" style=\"\"><svg width=\"32px\" height=\"20px\" xmlns=\"http:\/\/www.w3.org\/2000\/svg\" viewBox=\"0 0 32 32\"><path fill=\"#1f1f1f\" d=\"M30.8 10.9c-0.3-1.4-0.9-2.6-1.8-3.8-2-2.6-5.5-4.5-9.4-5.2-1.3-0.2-1.9-0.3-3.5-0.3s-2.2 0-3.5 0.3c-4 0.7-7.4 2.6-9.4 5.2-0.9 1.2-1.5 2.4-1.8 3.8-0.1 0.5-0.2 1.2-0.2 1.6 0 0.4 0.1 1.1 0.2 1.6 0.4 1.9 1.3 3.4 2.9 5 0.8 0.8 0.8 0.8 0.7 1.3 0 0.6-0.5 1.6-1.7 3.6-0.3 0.5-0.5 0.9-0.5 0.9 0 0.1 0.1 0.1 0.5 0 0.8-0.2 2.3-0.6 5.6-1.6 1.1-0.3 1.3-0.4 2.3-0.4 0.8 0 1.1 0 2.3 0.2 1.5 0.2 3.5 0.2 4.9 0 5.1-0.6 9.3-2.9 11.4-6.3 0.5-0.9 0.9-1.8 1.1-2.8 0.1-0.5 0.2-1.1 0.2-1.6 0-0.7-0.1-1.1-0.2-1.6-0.3-1.4 0.1 0.5 0 0zM20.6 17.3c0 0.4-0.4 0.8-0.8 0.8h-7.7c-0.4 0-0.8-0.4-0.8-0.8v-4.6c0-0.4 0.4-0.8 0.8-0.8h0.2l0-1.6c0-0.9 0-1.8 0.1-2 0.1-0.6 0.6-1.2 1.1-1.7s1.1-0.7 1.9-0.8c1.8-0.3 3.7 0.7 4.2 2.2 0.1 0.3 0.1 0.7 0.1 2.1v0 1.7h0.1c0.4 0 0.8 0.4 0.8 0.8v4.6zM15.6 7.3c-0.5 0.1-0.8 0.3-1.2 0.6s-0.6 0.8-0.7 1.3c0 0.2 0 0.8 0 1.5l0 1.2h4.6v-1.3c0-1 0-1.4-0.1-1.6-0.3-1.1-1.5-1.9-2.6-1.7zM25.8 28.2c0 1.2-1 2.2-2.1 2.2s-2.1-1-2.1-2.1c0-1.2 1-2.1 2.2-2.1s2.2 1 2.2 2.2zM18.1 28.2c0 1.2-1 2.2-2.1 2.2s-2.1-1-2.1-2.1c0-1.2 1-2.1 2.2-2.1s2.2 1 2.2 2.2zM10.4 28.2c0 1.2-1 2.2-2.1 2.2s-2.1-1-2.1-2.1c0-1.2 1-2.1 2.2-2.1s2.2 1 2.2 2.2z\"\/><\/svg><\/span><\/a><\/li><li class=\"shariff-button tumblr shariff-nocustomcolor\" style=\"background-color:#529ecc\"><a href=\"https:\/\/www.tumblr.com\/widgets\/share\/tool?posttype=link&canonicalUrl=https%3A%2F%2Fwildrubin.de%2F%3Fpage_id%3D10&tags=wildrubin.de\" title=\"Bei tumblr teilen\" aria-label=\"Bei tumblr teilen\" role=\"button\" rel=\"noopener nofollow\" class=\"shariff-link\" style=\"; background-color:#36465d; color:#fff\" target=\"_blank\"><span class=\"shariff-icon\" style=\"\"><svg width=\"32px\" height=\"20px\" xmlns=\"http:\/\/www.w3.org\/2000\/svg\" viewBox=\"0 0 32 32\"><path fill=\"#36465d\" d=\"M18 14l0 7.3c0 1.9 0 2.9 0.2 3.5 0.2 0.5 0.7 1.1 1.2 1.4 0.7 0.4 1.5 0.6 2.4 0.6 1.6 0 2.6-0.2 4.2-1.3v4.8c-1.4 0.6-2.6 1-3.7 1.3-1.1 0.3-2.3 0.4-3.6 0.4-1.5 0-2.3-0.2-3.4-0.6-1.1-0.4-2.1-0.9-2.9-1.6-0.8-0.7-1.3-1.4-1.7-2.2s-0.5-1.9-0.5-3.4v-11.2h-4.3v-4.5c1.3-0.4 2.7-1 3.6-1.8 0.9-0.8 1.6-1.7 2.2-2.7 0.5-1.1 0.9-2.4 1.1-4.1h5.2l0 8h8v6h-8z\"\/><\/svg><\/span><span data-service=\"tumblr\" style=\"color:#36465d\" class=\"shariff-count shariff-hidezero\"><\/span>&nbsp;<\/a><\/li><li class=\"shariff-button mailto shariff-nocustomcolor\" style=\"background-color:#a8a8a8\"><a href=\"mailto:?body=https%3A%2F%2Fwildrubin.de%2F%3Fpage_id%3D10&subject=Wildrubin%20alias%20Ferdinand%20%28vom%20Wildenstein%29\" title=\"Per E-Mail versenden\" aria-label=\"Per E-Mail versenden\" role=\"button\" rel=\"noopener nofollow\" class=\"shariff-link\" style=\"; background-color:#999; color:#fff\"><span class=\"shariff-icon\" style=\"\"><svg width=\"32px\" height=\"20px\" xmlns=\"http:\/\/www.w3.org\/2000\/svg\" viewBox=\"0 0 32 32\"><path fill=\"#999\" d=\"M32 12.7v14.2q0 1.2-0.8 2t-2 0.9h-26.3q-1.2 0-2-0.9t-0.8-2v-14.2q0.8 0.9 1.8 1.6 6.5 4.4 8.9 6.1 1 0.8 1.6 1.2t1.7 0.9 2 0.4h0.1q0.9 0 2-0.4t1.7-0.9 1.6-1.2q3-2.2 8.9-6.1 1-0.7 1.8-1.6zM32 7.4q0 1.4-0.9 2.7t-2.2 2.2q-6.7 4.7-8.4 5.8-0.2 0.1-0.7 0.5t-1 0.7-0.9 0.6-1.1 0.5-0.9 0.2h-0.1q-0.4 0-0.9-0.2t-1.1-0.5-0.9-0.6-1-0.7-0.7-0.5q-1.6-1.1-4.7-3.2t-3.6-2.6q-1.1-0.7-2.1-2t-1-2.5q0-1.4 0.7-2.3t2.1-0.9h26.3q1.2 0 2 0.8t0.9 2z\"\/><\/svg><\/span><\/a><\/li><\/ul><\/div>","protected":false},"excerpt":{"rendered":"<p>23. April 2020 &#8211; mein Pferd kommt irgendwo mitten im Schwarzwald auf die Welt. Zuerst ohne Namen, aber mit einem &#8211; nach Bekunden von verst\u00e4ndigen Personen &#8211; wohl bemerkenswerten Stammbaum. Und in einer bildh\u00fcbschen, dunklen, rot-braunen Farbe mit beiger M\u00e4hne. Ein echt sch\u00f6ner Dunkelfuchs mit unglaublich weichem Fell. Nur das&#8230;<\/p>\n","protected":false},"author":2,"featured_media":0,"parent":100,"menu_order":0,"comment_status":"closed","ping_status":"closed","template":"","meta":{"footnotes":""},"class_list":["post-10","page","type-page","status-publish","hentry"],"_links":{"self":[{"href":"https:\/\/wildrubin.de\/index.php?rest_route=\/wp\/v2\/pages\/10","targetHints":{"allow":["GET"]}}],"collection":[{"href":"https:\/\/wildrubin.de\/index.php?rest_route=\/wp\/v2\/pages"}],"about":[{"href":"https:\/\/wildrubin.de\/index.php?rest_route=\/wp\/v2\/types\/page"}],"author":[{"embeddable":true,"href":"https:\/\/wildrubin.de\/index.php?rest_route=\/wp\/v2\/users\/2"}],"replies":[{"embeddable":true,"href":"https:\/\/wildrubin.de\/index.php?rest_route=%2Fwp%2Fv2%2Fcomments&post=10"}],"version-history":[{"count":7,"href":"https:\/\/wildrubin.de\/index.php?rest_route=\/wp\/v2\/pages\/10\/revisions"}],"predecessor-version":[{"id":695,"href":"https:\/\/wildrubin.de\/index.php?rest_route=\/wp\/v2\/pages\/10\/revisions\/695"}],"up":[{"embeddable":true,"href":"https:\/\/wildrubin.de\/index.php?rest_route=\/wp\/v2\/pages\/100"}],"wp:attachment":[{"href":"https:\/\/wildrubin.de\/index.php?rest_route=%2Fwp%2Fv2%2Fmedia&parent=10"}],"curies":[{"name":"wp","href":"https:\/\/api.w.org\/{rel}","templated":true}]}}